{"id":74,"date":"2018-07-09T07:20:54","date_gmt":"2018-07-09T07:20:54","guid":{"rendered":"http:\/\/pesta.themesawesome.com\/?page_id=74"},"modified":"2024-05-17T13:01:08","modified_gmt":"2024-05-17T12:01:08","slug":"contact","status":"publish","type":"page","link":"https:\/\/www.jnkgroup.ma\/?page_id=74","title":{"rendered":"Contact"},"content":{"rendered":"\t\t<div data-elementor-type=\"wp-post\" data-elementor-id=\"74\" class=\"elementor elementor-74\">\n\t\t\t\t\t\t<section class=\"elementor-section elementor-top-section elementor-element elementor-element-bd8f1d8 elementor-section-boxed elementor-section-height-default elementor-section-height-default\" data-id=\"bd8f1d8\" data-element_type=\"section\" data-e-type=\"section\" data-settings=\"{&quot;background_background&quot;:&quot;classic&quot;}\">\n\t\t\t\t\t\t\t<div class=\"elementor-background-overlay\"><\/div>\n\t\t\t\t\t\t\t<div class=\"elementor-container elementor-column-gap-default\">\n\t\t\t\t\t<div class=\"elementor-column elementor-col-100 elementor-top-column elementor-element elementor-element-d4d50db\" data-id=\"d4d50db\" data-element_type=\"column\" data-e-type=\"column\">\n\t\t\t<div class=\"elementor-widget-wrap elementor-element-populated\">\n\t\t\t\t\t\t<section class=\"elementor-section elementor-inner-section elementor-element elementor-element-c7c7ad1 elementor-section-boxed elementor-section-height-default elementor-section-height-default\" data-id=\"c7c7ad1\" data-element_type=\"section\" data-e-type=\"section\">\n\t\t\t\t\t\t<div class=\"elementor-container elementor-column-gap-no\">\n\t\t\t\t\t<div class=\"elementor-column elementor-col-100 elementor-inner-column elementor-element elementor-element-b21733f\" data-id=\"b21733f\" data-element_type=\"column\" data-e-type=\"column\">\n\t\t\t<div class=\"elementor-widget-wrap elementor-element-populated\">\n\t\t\t\t\t\t<div class=\"elementor-element elementor-element-33c8db8 the-title-center elementor-widget elementor-widget-pesta-head-title\" data-id=\"33c8db8\" data-element_type=\"widget\" data-e-type=\"widget\" data-widget_type=\"pesta-head-title.default\">\n\t\t\t\t<div class=\"elementor-widget-container\">\n\t\t\t\t\t<div class=\"head-title head-title-8 clearfix\">\r\n\t<h1 class=\"the-title elementor-inline-editing\" >\r\n\t\tContact<span class=\"title-end\">.<\/span>\t<\/h1>\r\n\t<\/div>\r\n\t\t\t\t\t\t<\/div>\n\t\t\t\t<\/div>\n\t\t\t\t<div class=\"elementor-element elementor-element-6adece6 elementor-widget elementor-widget-pesta-text\" data-id=\"6adece6\" data-element_type=\"widget\" data-e-type=\"widget\" data-widget_type=\"pesta-text.default\">\n\t\t\t\t<div class=\"elementor-widget-container\">\n\t\t\t\t\t<div class=\"pesta-text clearfix\">\r\n<\/div>\t\t\t\t<\/div>\n\t\t\t\t<\/div>\n\t\t\t\t\t<\/div>\n\t\t<\/div>\n\t\t\t\t\t<\/div>\n\t\t<\/section>\n\t\t\t\t\t<\/div>\n\t\t<\/div>\n\t\t\t\t\t<\/div>\n\t\t<\/section>\n\t\t<div class=\"elementor-element elementor-element-a0bd490 e-flex e-con-boxed e-con e-parent\" data-id=\"a0bd490\" data-element_type=\"container\" data-e-type=\"container\">\n\t\t\t\t\t<div class=\"e-con-inner\">\n\t\t\t\t<div class=\"elementor-element elementor-element-9b1fff0 elementor-widget elementor-widget-spacer\" data-id=\"9b1fff0\" data-element_type=\"widget\" data-e-type=\"widget\" data-widget_type=\"spacer.default\">\n\t\t\t\t<div class=\"elementor-widget-container\">\n\t\t\t\t\t\t\t<div class=\"elementor-spacer\">\n\t\t\t<div class=\"elementor-spacer-inner\"><\/div>\n\t\t<\/div>\n\t\t\t\t\t\t<\/div>\n\t\t\t\t<\/div>\n\t\t\t\t\t<\/div>\n\t\t\t\t<\/div>\n\t\t\t\t<section class=\"elementor-section elementor-top-section elementor-element elementor-element-c914443 elementor-section-boxed elementor-section-height-default elementor-section-height-default\" data-id=\"c914443\" data-element_type=\"section\" data-e-type=\"section\">\n\t\t\t\t\t\t<div class=\"elementor-container elementor-column-gap-default\">\n\t\t\t\t\t<div class=\"elementor-column elementor-col-50 elementor-top-column elementor-element elementor-element-bcf697d\" data-id=\"bcf697d\" data-element_type=\"column\" data-e-type=\"column\">\n\t\t\t<div class=\"elementor-widget-wrap elementor-element-populated\">\n\t\t\t\t\t\t<div class=\"elementor-element elementor-element-637872f elementor-widget elementor-widget-google_maps\" data-id=\"637872f\" data-element_type=\"widget\" data-e-type=\"widget\" data-widget_type=\"google_maps.default\">\n\t\t\t\t<div class=\"elementor-widget-container\">\n\t\t\t\t\t\t\t<div class=\"elementor-custom-embed\">\n\t\t\t<iframe loading=\"lazy\"\n\t\t\t\t\tsrc=\"https:\/\/maps.google.com\/maps?q=bouznika&#038;t=m&#038;z=10&#038;output=embed&#038;iwloc=near\"\n\t\t\t\t\ttitle=\"bouznika\"\n\t\t\t\t\taria-label=\"bouznika\"\n\t\t\t><\/iframe>\n\t\t<\/div>\n\t\t\t\t\t\t<\/div>\n\t\t\t\t<\/div>\n\t\t\t\t\t<\/div>\n\t\t<\/div>\n\t\t\t\t<div class=\"elementor-column elementor-col-50 elementor-top-column elementor-element elementor-element-ad440bb\" data-id=\"ad440bb\" data-element_type=\"column\" data-e-type=\"column\">\n\t\t\t<div class=\"elementor-widget-wrap elementor-element-populated\">\n\t\t\t\t\t\t<div class=\"elementor-element elementor-element-cfb0474 the-title-left elementor-widget elementor-widget-pesta-head-title\" data-id=\"cfb0474\" data-element_type=\"widget\" data-e-type=\"widget\" data-widget_type=\"pesta-head-title.default\">\n\t\t\t\t<div class=\"elementor-widget-container\">\n\t\t\t\t\t<div class=\"head-title head-title-2 clearfix\">\r\n\t<h2 class=\"the-title elementor-inline-editing\" >\r\n\t\t\t\tContact Info\t<\/h2>\r\n<\/div>\r\n\t\t\t\t\t\t<\/div>\n\t\t\t\t<\/div>\n\t\t\t\t<div class=\"elementor-element elementor-element-d2d4924 the-title-left elementor-widget elementor-widget-pesta-head-title\" data-id=\"d2d4924\" data-element_type=\"widget\" data-e-type=\"widget\" data-widget_type=\"pesta-head-title.default\">\n\t\t\t\t<div class=\"elementor-widget-container\">\n\t\t\t\t\t<div class=\"head-title head-title-2 clearfix\">\r\n\t<h2 class=\"the-title elementor-inline-editing\" >\r\n\t\t\t\tGet In Touch\t<\/h2>\r\n<\/div>\r\n\t\t\t\t\t\t<\/div>\n\t\t\t\t<\/div>\n\t\t\t\t<div class=\"elementor-element elementor-element-8093fc1 elementor-widget elementor-widget-pesta-text\" data-id=\"8093fc1\" data-element_type=\"widget\" data-e-type=\"widget\" data-widget_type=\"pesta-text.default\">\n\t\t\t\t<div class=\"elementor-widget-container\">\n\t\t\t\t\t<div class=\"pesta-text clearfix\">\r\n<p>Avez-vous quelque chose en t\u00eate \u00e0 nous dire ? N'h\u00e9sitez pas \u00e0 nous contacter via notre formulaire de contact.<\/p><\/div>\t\t\t\t<\/div>\n\t\t\t\t<\/div>\n\t\t\t\t<div class=\"elementor-element elementor-element-3198ed2 elementor-vertical-align-top elementor-widget elementor-widget-image-box\" data-id=\"3198ed2\" data-element_type=\"widget\" data-e-type=\"widget\" data-widget_type=\"image-box.default\">\n\t\t\t\t<div class=\"elementor-widget-container\">\n\t\t\t\t\t<div class=\"elementor-image-box-wrapper\"><div class=\"elementor-image-box-content\"><h3 class=\"elementor-image-box-title\">E-mail:<\/h3><p class=\"elementor-image-box-description\">Contact@jnkgroup.ma<\/p><\/div><\/div>\t\t\t\t<\/div>\n\t\t\t\t<\/div>\n\t\t\t\t<div class=\"elementor-element elementor-element-9bce5e5 elementor-vertical-align-top elementor-widget elementor-widget-image-box\" data-id=\"9bce5e5\" data-element_type=\"widget\" data-e-type=\"widget\" data-widget_type=\"image-box.default\">\n\t\t\t\t<div class=\"elementor-widget-container\">\n\t\t\t\t\t<div class=\"elementor-image-box-wrapper\"><div class=\"elementor-image-box-content\"><h3 class=\"elementor-image-box-title\">Phone:<\/h3><p class=\"elementor-image-box-description\">+212 665 811 811<\/p><\/div><\/div>\t\t\t\t<\/div>\n\t\t\t\t<\/div>\n\t\t\t\t<div class=\"elementor-element elementor-element-e7c1f7b elementor-vertical-align-top elementor-widget elementor-widget-image-box\" data-id=\"e7c1f7b\" data-element_type=\"widget\" data-e-type=\"widget\" data-widget_type=\"image-box.default\">\n\t\t\t\t<div class=\"elementor-widget-container\">\n\t\t\t\t\t<div class=\"elementor-image-box-wrapper\"><div class=\"elementor-image-box-content\"><h3 class=\"elementor-image-box-title\">Address:<\/h3><p class=\"elementor-image-box-description\">Casablanca<\/p><\/div><\/div>\t\t\t\t<\/div>\n\t\t\t\t<\/div>\n\t\t\t\t\t<\/div>\n\t\t<\/div>\n\t\t\t\t\t<\/div>\n\t\t<\/section>\n\t\t<div class=\"elementor-element elementor-element-277ce6a e-flex e-con-boxed e-con e-parent\" data-id=\"277ce6a\" data-element_type=\"container\" data-e-type=\"container\">\n\t\t\t\t\t<div class=\"e-con-inner\">\n\t\t\t\t<div class=\"elementor-element elementor-element-d0c96f9 elementor-widget elementor-widget-spacer\" data-id=\"d0c96f9\" data-element_type=\"widget\" data-e-type=\"widget\" data-widget_type=\"spacer.default\">\n\t\t\t\t<div class=\"elementor-widget-container\">\n\t\t\t\t\t\t\t<div class=\"elementor-spacer\">\n\t\t\t<div class=\"elementor-spacer-inner\"><\/div>\n\t\t<\/div>\n\t\t\t\t\t\t<\/div>\n\t\t\t\t<\/div>\n\t\t\t\t\t<\/div>\n\t\t\t\t<\/div>\n\t\t\t\t<section class=\"elementor-section elementor-top-section elementor-element elementor-element-32c540d elementor-section-boxed elementor-section-height-default elementor-section-height-default\" data-id=\"32c540d\" data-element_type=\"section\" data-e-type=\"section\" data-settings=\"{&quot;background_background&quot;:&quot;gradient&quot;}\">\n\t\t\t\t\t\t<div class=\"elementor-container elementor-column-gap-default\">\n\t\t\t\t\t<div class=\"elementor-column elementor-col-100 elementor-top-column elementor-element elementor-element-116816b\" data-id=\"116816b\" data-element_type=\"column\" data-e-type=\"column\">\n\t\t\t<div class=\"elementor-widget-wrap elementor-element-populated\">\n\t\t\t\t\t\t<section class=\"elementor-section elementor-inner-section elementor-element elementor-element-1ff95ae elementor-section-boxed elementor-section-height-default elementor-section-height-default\" data-id=\"1ff95ae\" data-element_type=\"section\" data-e-type=\"section\">\n\t\t\t\t\t\t<div class=\"elementor-container elementor-column-gap-no\">\n\t\t\t\t\t<div class=\"elementor-column elementor-col-100 elementor-inner-column elementor-element elementor-element-405d476\" data-id=\"405d476\" data-element_type=\"column\" data-e-type=\"column\">\n\t\t\t<div class=\"elementor-widget-wrap elementor-element-populated\">\n\t\t\t\t\t\t<div class=\"elementor-element elementor-element-d2dc287 the-title-center elementor-invisible elementor-widget elementor-widget-pesta-head-title\" data-id=\"d2dc287\" data-element_type=\"widget\" data-e-type=\"widget\" data-settings=\"{&quot;_animation&quot;:&quot;fadeIn&quot;}\" data-widget_type=\"pesta-head-title.default\">\n\t\t\t\t<div class=\"elementor-widget-container\">\n\t\t\t\t\t\r\n<div class=\"head-title head-title-1 bg-image clearfix\">\r\n\t<h2 class=\"the-title elementor-inline-editing\" >\r\n\t\tParlez-nous de votre r\u00eave\t<\/h2>\r\n\r\n\t<\/div>\r\n\t\t\t\t\t\t<\/div>\n\t\t\t\t<\/div>\n\t\t\t\t\t<\/div>\n\t\t<\/div>\n\t\t\t\t\t<\/div>\n\t\t<\/section>\n\t\t\t\t<div class=\"elementor-element elementor-element-f00c97f elementor-widget elementor-widget-pesta-contact-form\" data-id=\"f00c97f\" data-element_type=\"widget\" data-e-type=\"widget\" data-widget_type=\"pesta-contact-form.default\">\n\t\t\t\t<div class=\"elementor-widget-container\">\n\t\t\t\t\t\t\t\r\n\r\n<div class=\"pesta-contact-form\">\r\n\n<div class=\"wpcf7 no-js\" id=\"wpcf7-f699-o1\" lang=\"en-US\" dir=\"ltr\" data-wpcf7-id=\"699\">\n<div class=\"screen-reader-response\"><p role=\"status\" aria-live=\"polite\" aria-atomic=\"true\"><\/p> <ul><\/ul><\/div>\n<form action=\"\/index.php?rest_route=%2Fwp%2Fv2%2Fpages%2F74#wpcf7-f699-o1\" method=\"post\" class=\"wpcf7-form init\" aria-label=\"Contact form\" novalidate=\"novalidate\" data-status=\"init\">\n<fieldset class=\"hidden-fields-container\"><input type=\"hidden\" name=\"_wpcf7\" value=\"699\" \/><input type=\"hidden\" name=\"_wpcf7_version\" value=\"6.1.5\" \/><input type=\"hidden\" name=\"_wpcf7_locale\" value=\"en_US\" \/><input type=\"hidden\" name=\"_wpcf7_unit_tag\" value=\"wpcf7-f699-o1\" \/><input type=\"hidden\" name=\"_wpcf7_container_post\" value=\"0\" \/><input type=\"hidden\" name=\"_wpcf7_posted_data_hash\" value=\"\" \/>\n<\/fieldset>\n<div class=\"contact-form-style-1 contact-form-forms dark clearfix\">\n\t<div class=\"contact-bordered item-column clearfix\">\n\t\t<p><span class=\"wpcf7-form-control-wrap\" data-name=\"your-name\"><input size=\"40\" maxlength=\"400\" class=\"wpcf7-form-control wpcf7-text wpcf7-validates-as-required\" aria-required=\"true\" aria-invalid=\"false\" placeholder=\"Nom Complet\" value=\"\" type=\"text\" name=\"your-name\" \/><\/span><span class=\"contact-ef border-form-top\"><br \/>\n<\/span><br \/>\n<span class=\"contact-ef border-form-left\"><br \/>\n<\/span><br \/>\n<span class=\"contact-ef border-form-bottom\"><br \/>\n<\/span><br \/>\n<span class=\"contact-ef border-form-right\"><br \/>\n<\/span>\n\t\t<\/p>\n\t<\/div>\n\t<div class=\"contact-bordered item-column clearfix\">\n\t\t<p><span class=\"wpcf7-form-control-wrap\" data-name=\"your-email\"><input size=\"40\" maxlength=\"400\" class=\"wpcf7-form-control wpcf7-email wpcf7-validates-as-required wpcf7-text wpcf7-validates-as-email\" aria-required=\"true\" aria-invalid=\"false\" placeholder=\"Email\" value=\"\" type=\"email\" name=\"your-email\" \/><\/span><span class=\"contact-ef border-form-top\"><br \/>\n<\/span><br \/>\n<span class=\"contact-ef border-form-left\"><br \/>\n<\/span><br \/>\n<span class=\"contact-ef border-form-bottom\"><br \/>\n<\/span><br \/>\n<span class=\"contact-ef border-form-right\"><br \/>\n<\/span>\n\t\t<\/p>\n\t<\/div>\n\t<div class=\"contact-bordered item-column text-area clearfix\">\n\t\t<p><span class=\"wpcf7-form-control-wrap\" data-name=\"your-message\"><textarea cols=\"40\" rows=\"10\" maxlength=\"2000\" class=\"wpcf7-form-control wpcf7-textarea\" aria-invalid=\"false\" placeholder=\"Message\" name=\"your-message\"><\/textarea><\/span><span class=\"contact-ef border-form-top\"><br \/>\n<\/span><br \/>\n<span class=\"contact-ef border-form-left\"><br \/>\n<\/span><br \/>\n<span class=\"contact-ef border-form-bottom\"><br \/>\n<\/span><br \/>\n<span class=\"contact-ef border-form-right\"><br \/>\n<\/span>\n\t\t<\/p>\n\t<\/div>\n\t<div class=\"contact-submit clearfix\">\n\t\t<p><input class=\"wpcf7-form-control wpcf7-submit has-spinner\" type=\"submit\" value=\"Leave Message\" \/>\n\t\t<\/p>\n\t<\/div>\n<\/div><div class=\"wpcf7-response-output\" aria-hidden=\"true\"><\/div>\n<\/form>\n<\/div>\n<\/div>\r\n\r\n\t\t\t\t<\/div>\n\t\t\t\t<\/div>\n\t\t\t\t\t<\/div>\n\t\t<\/div>\n\t\t\t\t\t<\/div>\n\t\t<\/section>\n\t\t\t\t<section class=\"elementor-section elementor-top-section elementor-element elementor-element-0a58c4c elementor-section-full_width elementor-section-height-default elementor-section-height-default\" data-id=\"0a58c4c\" data-element_type=\"section\" data-e-type=\"section\">\n\t\t\t\t\t\t<div class=\"elementor-container elementor-column-gap-no\">\n\t\t\t\t\t<div class=\"elementor-column elementor-col-50 elementor-top-column elementor-element elementor-element-a6259c1\" data-id=\"a6259c1\" data-element_type=\"column\" data-e-type=\"column\" data-settings=\"{&quot;background_background&quot;:&quot;classic&quot;}\">\n\t\t\t<div class=\"elementor-widget-wrap elementor-element-populated\">\n\t\t\t\t\t\t<div class=\"elementor-element elementor-element-51fc3b8 the-title-center elementor-widget elementor-widget-pesta-head-title\" data-id=\"51fc3b8\" data-element_type=\"widget\" data-e-type=\"widget\" data-widget_type=\"pesta-head-title.default\">\n\t\t\t\t<div class=\"elementor-widget-container\">\n\t\t\t\t\t<div class=\"head-title head-title-2 clearfix\">\r\n\t<h2 class=\"the-title elementor-inline-editing\" >\r\n\t\t\t\tGalerie\t<\/h2>\r\n<\/div>\r\n\t\t\t\t\t\t<\/div>\n\t\t\t\t<\/div>\n\t\t\t\t\t<\/div>\n\t\t<\/div>\n\t\t\t\t<div class=\"elementor-column elementor-col-50 elementor-top-column elementor-element elementor-element-0fbde70\" data-id=\"0fbde70\" data-element_type=\"column\" data-e-type=\"column\">\n\t\t\t<div class=\"elementor-widget-wrap elementor-element-populated\">\n\t\t\t\t\t\t<div class=\"elementor-element elementor-element-b62f9ce elementor-widget elementor-widget-pesta-gallery\" data-id=\"b62f9ce\" data-element_type=\"widget\" data-e-type=\"widget\" data-widget_type=\"pesta-gallery.default\">\n\t\t\t\t<div class=\"elementor-widget-container\">\n\t\t\t\t\t<div class=\"elementor-image-gallery custom-gallery clearfix\">\r\n\r\n\t<div id=\"lightgallery-886179901\" class=\"gallery gal-grid gallery-columns-8\">\r\n\t\r\n\t\t<div data-src=\"https:\/\/www.jnkgroup.ma\/wp-content\/uploads\/2024\/05\/11.jpg\" class=\"custom-gal-item mobile-column-4 tablet-column-4 column-8\">\r\n\t\t\t<div class=\"item-wrap\">\r\n\t\t\t\t<figure class=\"imghvr-zoom-in\">\r\n\t\t\t\t\t<img decoding=\"async\" src=\"https:\/\/www.jnkgroup.ma\/wp-content\/uploads\/2024\/05\/11-400x300.jpg\" alt=\"11.jpg\">\r\n\t\t\t\t\t<figcaption>\r\n\t\t\t\t\t\t<div class=\"caption-inside\">\r\n\r\n\t\t\t\t\t\t\t<div class=\"gallery-icon ih-fade ih-delay-xs\">\r\n\t\t\t\t\t\t\t\t<i class=\"fa fa-search\"><\/i>\r\n\t\t\t\t\t\t\t<\/div>\r\n\r\n\t\t\t\t\t\t<\/div>\r\n\t\t\t\t\t<\/figcaption>\r\n\t\t\t\t<\/figure>\r\n\t\t\t<\/div>\r\n\t\t<\/div>\r\n\t\t\r\n\t\r\n\t\t<div data-src=\"https:\/\/www.jnkgroup.ma\/wp-content\/uploads\/2024\/05\/9.jpeg\" class=\"custom-gal-item mobile-column-4 tablet-column-4 column-8\">\r\n\t\t\t<div class=\"item-wrap\">\r\n\t\t\t\t<figure class=\"imghvr-zoom-in\">\r\n\t\t\t\t\t<img decoding=\"async\" src=\"https:\/\/www.jnkgroup.ma\/wp-content\/uploads\/2024\/05\/9-400x300.jpeg\" alt=\"9.jpeg\">\r\n\t\t\t\t\t<figcaption>\r\n\t\t\t\t\t\t<div class=\"caption-inside\">\r\n\r\n\t\t\t\t\t\t\t<div class=\"gallery-icon ih-fade ih-delay-xs\">\r\n\t\t\t\t\t\t\t\t<i class=\"fa fa-search\"><\/i>\r\n\t\t\t\t\t\t\t<\/div>\r\n\r\n\t\t\t\t\t\t<\/div>\r\n\t\t\t\t\t<\/figcaption>\r\n\t\t\t\t<\/figure>\r\n\t\t\t<\/div>\r\n\t\t<\/div>\r\n\t\t\r\n\t\r\n\t\t<div data-src=\"https:\/\/www.jnkgroup.ma\/wp-content\/uploads\/2024\/05\/8.jpeg\" class=\"custom-gal-item mobile-column-4 tablet-column-4 column-8\">\r\n\t\t\t<div class=\"item-wrap\">\r\n\t\t\t\t<figure class=\"imghvr-zoom-in\">\r\n\t\t\t\t\t<img decoding=\"async\" src=\"https:\/\/www.jnkgroup.ma\/wp-content\/uploads\/2024\/05\/8-400x300.jpeg\" alt=\"8.jpeg\">\r\n\t\t\t\t\t<figcaption>\r\n\t\t\t\t\t\t<div class=\"caption-inside\">\r\n\r\n\t\t\t\t\t\t\t<div class=\"gallery-icon ih-fade ih-delay-xs\">\r\n\t\t\t\t\t\t\t\t<i class=\"fa fa-search\"><\/i>\r\n\t\t\t\t\t\t\t<\/div>\r\n\r\n\t\t\t\t\t\t<\/div>\r\n\t\t\t\t\t<\/figcaption>\r\n\t\t\t\t<\/figure>\r\n\t\t\t<\/div>\r\n\t\t<\/div>\r\n\t\t\r\n\t\r\n\t\t<div data-src=\"https:\/\/www.jnkgroup.ma\/wp-content\/uploads\/2024\/05\/7.jpeg\" class=\"custom-gal-item mobile-column-4 tablet-column-4 column-8\">\r\n\t\t\t<div class=\"item-wrap\">\r\n\t\t\t\t<figure class=\"imghvr-zoom-in\">\r\n\t\t\t\t\t<img decoding=\"async\" src=\"https:\/\/www.jnkgroup.ma\/wp-content\/uploads\/2024\/05\/7-400x300.jpeg\" alt=\"7.jpeg\">\r\n\t\t\t\t\t<figcaption>\r\n\t\t\t\t\t\t<div class=\"caption-inside\">\r\n\r\n\t\t\t\t\t\t\t<div class=\"gallery-icon ih-fade ih-delay-xs\">\r\n\t\t\t\t\t\t\t\t<i class=\"fa fa-search\"><\/i>\r\n\t\t\t\t\t\t\t<\/div>\r\n\r\n\t\t\t\t\t\t<\/div>\r\n\t\t\t\t\t<\/figcaption>\r\n\t\t\t\t<\/figure>\r\n\t\t\t<\/div>\r\n\t\t<\/div>\r\n\t\t\r\n\t\r\n\t\t<div data-src=\"https:\/\/www.jnkgroup.ma\/wp-content\/uploads\/2024\/05\/6.jpeg\" class=\"custom-gal-item mobile-column-4 tablet-column-4 column-8\">\r\n\t\t\t<div class=\"item-wrap\">\r\n\t\t\t\t<figure class=\"imghvr-zoom-in\">\r\n\t\t\t\t\t<img decoding=\"async\" src=\"https:\/\/www.jnkgroup.ma\/wp-content\/uploads\/2024\/05\/6-400x300.jpeg\" alt=\"6.jpeg\">\r\n\t\t\t\t\t<figcaption>\r\n\t\t\t\t\t\t<div class=\"caption-inside\">\r\n\r\n\t\t\t\t\t\t\t<div class=\"gallery-icon ih-fade ih-delay-xs\">\r\n\t\t\t\t\t\t\t\t<i class=\"fa fa-search\"><\/i>\r\n\t\t\t\t\t\t\t<\/div>\r\n\r\n\t\t\t\t\t\t<\/div>\r\n\t\t\t\t\t<\/figcaption>\r\n\t\t\t\t<\/figure>\r\n\t\t\t<\/div>\r\n\t\t<\/div>\r\n\t\t\r\n\t\r\n\t\t<div data-src=\"https:\/\/www.jnkgroup.ma\/wp-content\/uploads\/2024\/05\/5.jpg\" class=\"custom-gal-item mobile-column-4 tablet-column-4 column-8\">\r\n\t\t\t<div class=\"item-wrap\">\r\n\t\t\t\t<figure class=\"imghvr-zoom-in\">\r\n\t\t\t\t\t<img decoding=\"async\" src=\"https:\/\/www.jnkgroup.ma\/wp-content\/uploads\/2024\/05\/5-400x300.jpg\" alt=\"5.jpg\">\r\n\t\t\t\t\t<figcaption>\r\n\t\t\t\t\t\t<div class=\"caption-inside\">\r\n\r\n\t\t\t\t\t\t\t<div class=\"gallery-icon ih-fade ih-delay-xs\">\r\n\t\t\t\t\t\t\t\t<i class=\"fa fa-search\"><\/i>\r\n\t\t\t\t\t\t\t<\/div>\r\n\r\n\t\t\t\t\t\t<\/div>\r\n\t\t\t\t\t<\/figcaption>\r\n\t\t\t\t<\/figure>\r\n\t\t\t<\/div>\r\n\t\t<\/div>\r\n\t\t\r\n\t\r\n\t\t<div data-src=\"https:\/\/www.jnkgroup.ma\/wp-content\/uploads\/2024\/05\/4-scaled.jpg\" class=\"custom-gal-item mobile-column-4 tablet-column-4 column-8\">\r\n\t\t\t<div class=\"item-wrap\">\r\n\t\t\t\t<figure class=\"imghvr-zoom-in\">\r\n\t\t\t\t\t<img decoding=\"async\" src=\"https:\/\/www.jnkgroup.ma\/wp-content\/uploads\/2024\/05\/4-scaled-400x300.jpg\" alt=\"4-scaled.jpg\">\r\n\t\t\t\t\t<figcaption>\r\n\t\t\t\t\t\t<div class=\"caption-inside\">\r\n\r\n\t\t\t\t\t\t\t<div class=\"gallery-icon ih-fade ih-delay-xs\">\r\n\t\t\t\t\t\t\t\t<i class=\"fa fa-search\"><\/i>\r\n\t\t\t\t\t\t\t<\/div>\r\n\r\n\t\t\t\t\t\t<\/div>\r\n\t\t\t\t\t<\/figcaption>\r\n\t\t\t\t<\/figure>\r\n\t\t\t<\/div>\r\n\t\t<\/div>\r\n\t\t\r\n\t\r\n\t\t<div data-src=\"https:\/\/www.jnkgroup.ma\/wp-content\/uploads\/2024\/05\/3-scaled.jpg\" class=\"custom-gal-item mobile-column-4 tablet-column-4 column-8\">\r\n\t\t\t<div class=\"item-wrap\">\r\n\t\t\t\t<figure class=\"imghvr-zoom-in\">\r\n\t\t\t\t\t<img decoding=\"async\" src=\"https:\/\/www.jnkgroup.ma\/wp-content\/uploads\/2024\/05\/3-scaled-400x300.jpg\" alt=\"3-scaled.jpg\">\r\n\t\t\t\t\t<figcaption>\r\n\t\t\t\t\t\t<div class=\"caption-inside\">\r\n\r\n\t\t\t\t\t\t\t<div class=\"gallery-icon ih-fade ih-delay-xs\">\r\n\t\t\t\t\t\t\t\t<i class=\"fa fa-search\"><\/i>\r\n\t\t\t\t\t\t\t<\/div>\r\n\r\n\t\t\t\t\t\t<\/div>\r\n\t\t\t\t\t<\/figcaption>\r\n\t\t\t\t<\/figure>\r\n\t\t\t<\/div>\r\n\t\t<\/div>\r\n\t\t\r\n\t\t<\/div>\r\n\r\n\t<script type=\"text\/javascript\">\r\n\t(function($) {\r\n\t'use strict';\r\n\r\n\t\t$(document).ready(function() {\r\n\t\t\t$(\"#lightgallery-886179901\").lightGallery({\r\n\t\t\t\tmode: 'lg-slide',\r\n\t\t\t\tdownload: true,\r\n\t\t\t\t\t\t\t}); \r\n\t\t});\r\n\r\n\t})( jQuery );\r\n\t<\/script>\r\n<\/div>\t\t\t\t<\/div>\n\t\t\t\t<\/div>\n\t\t\t\t\t<\/div>\n\t\t<\/div>\n\t\t\t\t\t<\/div>\n\t\t<\/section>\n\t\t\t\t<\/div>\n\t\t","protected":false},"excerpt":{"rendered":"<p>E-mail: Contact@jnkgroup.ma Phone: +212 665 811 811 Address: Casablanca<\/p>\n","protected":false},"author":1,"featured_media":0,"parent":0,"menu_order":0,"comment_status":"closed","ping_status":"closed","template":"template\/page-builder-template.php","meta":{"footnotes":""},"class_list":["post-74","page","type-page","status-publish","hentry","blog-item no-thumb clearfix"],"acf":[],"_links":{"self":[{"href":"https:\/\/www.jnkgroup.ma\/index.php?rest_route=\/wp\/v2\/pages\/74","targetHints":{"allow":["GET"]}}],"collection":[{"href":"https:\/\/www.jnkgroup.ma\/index.php?rest_route=\/wp\/v2\/pages"}],"about":[{"href":"https:\/\/www.jnkgroup.ma\/index.php?rest_route=\/wp\/v2\/types\/page"}],"author":[{"embeddable":true,"href":"https:\/\/www.jnkgroup.ma\/index.php?rest_route=\/wp\/v2\/users\/1"}],"replies":[{"embeddable":true,"href":"https:\/\/www.jnkgroup.ma\/index.php?rest_route=%2Fwp%2Fv2%2Fcomments&post=74"}],"version-history":[{"count":15,"href":"https:\/\/www.jnkgroup.ma\/index.php?rest_route=\/wp\/v2\/pages\/74\/revisions"}],"predecessor-version":[{"id":1141,"href":"https:\/\/www.jnkgroup.ma\/index.php?rest_route=\/wp\/v2\/pages\/74\/revisions\/1141"}],"wp:attachment":[{"href":"https:\/\/www.jnkgroup.ma\/index.php?rest_route=%2Fwp%2Fv2%2Fmedia&parent=74"}],"curies":[{"name":"wp","href":"https:\/\/api.w.org\/{rel}","templated":true}]}}